{"id":3599,"date":"2022-05-10T10:11:25","date_gmt":"2022-05-10T08:11:25","guid":{"rendered":"https:\/\/animot.eu\/imprint\/"},"modified":"2024-06-13T13:42:55","modified_gmt":"2024-06-13T11:42:55","slug":"imprint","status":"publish","type":"page","link":"https:\/\/animot.eu\/en\/imprint\/","title":{"rendered":"Imprint"},"content":{"rendered":"\t\t<div data-elementor-type=\"wp-page\" data-elementor-id=\"3599\" class=\"elementor elementor-3599 elementor-1902\" data-elementor-post-type=\"page\">\n\t\t\t\t\t\t<section class=\"elementor-section elementor-top-section elementor-element elementor-element-081240e elementor-section-boxed elementor-section-height-default elementor-section-height-default\" data-id=\"081240e\" data-element_type=\"section\">\n\t\t\t\t\t\t<div class=\"elementor-container elementor-column-gap-default\">\n\t\t\t\t\t<div class=\"elementor-column elementor-col-100 elementor-top-column elementor-element elementor-element-c94fe07\" data-id=\"c94fe07\" data-element_type=\"column\">\n\t\t\t<div class=\"elementor-widget-wrap elementor-element-populated\">\n\t\t\t\t\t\t<div class=\"elementor-element elementor-element-a8b37d5 elementor-widget elementor-widget-heading\" data-id=\"a8b37d5\" data-element_type=\"widget\" data-widget_type=\"heading.default\">\n\t\t\t\t<div class=\"elementor-widget-container\">\n\t\t\t<style>\/*! elementor - v3.23.0 - 05-08-2024 *\/\n.elementor-heading-title{padding:0;margin:0;line-height:1}.elementor-widget-heading .elementor-heading-title[class*=elementor-size-]>a{color:inherit;font-size:inherit;line-height:inherit}.elementor-widget-heading .elementor-heading-title.elementor-size-small{font-size:15px}.elementor-widget-heading .elementor-heading-title.elementor-size-medium{font-size:19px}.elementor-widget-heading .elementor-heading-title.elementor-size-large{font-size:29px}.elementor-widget-heading .elementor-heading-title.elementor-size-xl{font-size:39px}.elementor-widget-heading .elementor-heading-title.elementor-size-xxl{font-size:59px}<\/style><h2 class=\"elementor-heading-title elementor-size-default\">Impressum<\/h2>\t\t<\/div>\n\t\t\t\t<\/div>\n\t\t\t\t<div class=\"elementor-element elementor-element-237a7db elementor-widget elementor-widget-text-editor\" data-id=\"237a7db\" data-element_type=\"widget\" data-widget_type=\"text-editor.default\">\n\t\t\t\t<div class=\"elementor-widget-container\">\n\t\t\t<style>\/*! elementor - v3.23.0 - 05-08-2024 *\/\n.elementor-widget-text-editor.elementor-drop-cap-view-stacked .elementor-drop-cap{background-color:#69727d;color:#fff}.elementor-widget-text-editor.elementor-drop-cap-view-framed .elementor-drop-cap{color:#69727d;border:3px solid;background-color:transparent}.elementor-widget-text-editor:not(.elementor-drop-cap-view-default) .elementor-drop-cap{margin-top:8px}.elementor-widget-text-editor:not(.elementor-drop-cap-view-default) .elementor-drop-cap-letter{width:1em;height:1em}.elementor-widget-text-editor .elementor-drop-cap{float:left;text-align:center;line-height:1;font-size:50px}.elementor-widget-text-editor .elementor-drop-cap-letter{display:inline-block}<\/style>\t\t\t\t<p><strong>Informationspflicht laut \u00a75 E-Commerce Gesetz, \u00a714 Unternehmensgesetzbuch, \u00a763 Gewerbeordnung und Offenlegungspflicht laut \u00a725 Mediengesetz.<\/strong><\/p><p>AniMot motion expert GmbH<\/p><p>Schwarzottstra\u00dfe 2a<br \/>2620 Neunkirchen,<br \/>\u00d6sterreich<\/p><p>Gesch\u00e4ftsf\u00fchrung: Corinna Schneider, Sabine Dahl<br \/>Telefonnummer: +43 664 43 020 87<br \/>Website: www.animot.eu<br \/>E-Mail Adresse: s.dahl@animot.eu<br \/>Firmenbuchnummer: FN 499687i<br \/>UID: ATU74058814<br \/>Firmengericht: Landesgericht Wiener Neustadt<br \/>Beh\u00f6rde gem. ECG (E-Commerce Gesetz): Bezirkshauptmannschaft Neunkirchen<br \/>Spezielle Aufsichtsbeh\u00f6rde: RTR und KommAustria<br \/>Mitglied bei: WKO N\u00d6<br \/>Berufsrecht: GISA 31629744<br \/>Berufsbezeichnung: Handelsgewerbe mit Ausnahme der reglementierten Handelsgewerbe<br \/>Verleihungsstaat: \u00d6sterreich<br \/>Unternehmensgegenstand: Entwicklung und Vertrieb Wildwarnsystem<\/p><p>Hier gelten die Datenschutzbestimmungen der Schneider Holding Wirtschaftspr\u00fcfungsgesellschaft mbH<\/p><h5>Haftung f\u00fcr Inhalte<\/h5><p>Die Inhalte der Seiten wurden mit gr\u00f6\u00dfter Sorgfalt erstellt. F\u00fcr die Richtigkeit, Vollst\u00e4ndigkeit und Aktualit\u00e4t der Inhalte kann jedoch keine Gew\u00e4hr \u00fcbernommen werden. Es wird keine Verantwortung f\u00fcr jegliche Dienstleistungen Dritter \u00fcbernommen.<\/p><h5>Urheberrechte<\/h5><p>Die durch die Seitenbetreiber erstellten Inhalte und Werke auf diesen Seiten unterliegen dem Urheberrecht. Die Vervielf\u00e4ltigung, Bearbeitung, Verbreitung und jede Art der Verwertung bed\u00fcrfen der schriftlichen Zustimmung des jeweiligen Autors bzw. Erstellers. Soweit die Inhalte auf dieser Seite nicht vom Betreiber erstellt wurden, werden die Urheberrechte Dritter beachtet. Insbesondere werden Inhalte Dritter als solche gekennzeichnet. Sollten Sie trotzdem auf eine Urheberrechtsverletzung aufmerksam werden, bitten wir um einen entsprechenden Hinweis.Datenschutzerkl\u00e4rung<\/p>\t\t\t\t\t\t<\/div>\n\t\t\t\t<\/div>\n\t\t\t\t\t<\/div>\n\t\t<\/div>\n\t\t\t\t\t<\/div>\n\t\t<\/section>\n\t\t\t\t<\/div>\n\t\t","protected":false},"excerpt":{"rendered":"<p>Impressum Informationspflicht laut \u00a75 E-Commerce Gesetz, \u00a714 Unternehmensgesetzbuch, \u00a763 Gewerbeordnung und Offenlegungspflicht laut \u00a725 Mediengesetz. AniMot motion expert GmbH Schwarzottstra\u00dfe 2a2620 Neunkirchen,\u00d6sterreich Gesch\u00e4ftsf\u00fchrung: Corinna Schneider, Sabine DahlTelefonnummer: +43 664 43 020 87Website: www.animot.euE-Mail Adresse: s.dahl@animot.euFirmenbuchnummer: FN 499687iUID: ATU74058814Firmengericht: Landesgericht Wiener NeustadtBeh\u00f6rde gem. ECG (E-Commerce Gesetz): Bezirkshauptmannschaft NeunkirchenSpezielle Aufsichtsbeh\u00f6rde: RTR und KommAustriaMitglied bei: WKO N\u00d6Berufsrecht: GISA [&hellip;]<\/p>\n","protected":false},"author":1,"featured_media":0,"parent":0,"menu_order":0,"comment_status":"closed","ping_status":"closed","template":"","meta":{"footnotes":""},"class_list":["post-3599","page","type-page","status-publish","hentry"],"_links":{"self":[{"href":"https:\/\/animot.eu\/en\/wp-json\/wp\/v2\/pages\/3599"}],"collection":[{"href":"https:\/\/animot.eu\/en\/wp-json\/wp\/v2\/pages"}],"about":[{"href":"https:\/\/animot.eu\/en\/wp-json\/wp\/v2\/types\/page"}],"author":[{"embeddable":true,"href":"https:\/\/animot.eu\/en\/wp-json\/wp\/v2\/users\/1"}],"replies":[{"embeddable":true,"href":"https:\/\/animot.eu\/en\/wp-json\/wp\/v2\/comments?post=3599"}],"version-history":[{"count":4,"href":"https:\/\/animot.eu\/en\/wp-json\/wp\/v2\/pages\/3599\/revisions"}],"predecessor-version":[{"id":3747,"href":"https:\/\/animot.eu\/en\/wp-json\/wp\/v2\/pages\/3599\/revisions\/3747"}],"wp:attachment":[{"href":"https:\/\/animot.eu\/en\/wp-json\/wp\/v2\/media?parent=3599"}],"curies":[{"name":"wp","href":"https:\/\/api.w.org\/{rel}","templated":true}]}}